{"id":9763,"date":"2021-01-20T09:07:37","date_gmt":"2021-01-20T08:07:37","guid":{"rendered":"https:\/\/www.schneider-lech.at\/?page_id=9763"},"modified":"2026-02-23T11:50:05","modified_gmt":"2026-02-23T10:50:05","slug":"alternatives-to-skiing","status":"publish","type":"page","link":"https:\/\/www.schneider-lech.at\/en\/alternatives-to-skiing\/","title":{"rendered":"Alternatives to Skiing"},"content":{"rendered":"\n<h1>\n\t\tAlternatives<br \/>to Skiing\n\t<\/h1>\n\t<h2>\n\t\t\t\tWinter in Lech also offers a variety of activities for the non-skier.\n\t\t\t<\/h2>\n\t\t\t\t<a href=\"https:\/\/www.schneider-lech.at\/wp-content\/uploads\/2020\/11\/IMG_4286-scaled.jpeg\" target=\"_self\" itemprop=\"url\" rel=\"noopener\">\n\t\t\t\t<img decoding=\"async\" src=\"https:\/\/www.schneider-lech.at\/wp-content\/uploads\/2020\/11\/IMG_4286-780x585.jpeg\" alt=\"IMG_4286\" itemprop=\"image\" height=\"585\" width=\"780\" title=\"IMG_4286\" onerror=\"this.style.display='none'\"  \/>\n\t\t\t\t<\/a>\n\t\t\t\t<a href=\"https:\/\/www.schneider-lech.at\/wp-content\/uploads\/2020\/11\/lech-pauschalen-pension-angebot-16.jpg\" target=\"_self\" itemprop=\"url\" rel=\"noopener\">\n\t\t\t\t<img decoding=\"async\" src=\"https:\/\/www.schneider-lech.at\/wp-content\/uploads\/2020\/11\/lech-pauschalen-pension-angebot-16.jpg\" alt=\"lech-pauschalen-pension-angebot-16\" itemprop=\"image\" height=\"350\" width=\"1000\" title=\"lech-pauschalen-pension-angebot-16\" onerror=\"this.style.display='none'\"  \/>\n\t\t\t\t<\/a>\n\t\t\t\t<a href=\"https:\/\/www.schneider-lech.at\/wp-content\/uploads\/2020\/11\/Lech-Zuers-am-Arlberg-Rodelbahn-Oberlech-by-Sepp-Mallaun-c-LZTG-scaled.jpg\" target=\"_self\" itemprop=\"url\" rel=\"noopener\">\n\t\t\t\t<img decoding=\"async\" src=\"https:\/\/www.schneider-lech.at\/wp-content\/uploads\/2020\/11\/Lech-Zuers-am-Arlberg-Rodelbahn-Oberlech-by-Sepp-Mallaun-c-LZTG-580x386.jpg\" alt=\"Lech Zuers am Arlberg Rodelbahn Oberlech by Sepp Mallaun (c) LZTG\" itemprop=\"image\" height=\"386\" width=\"580\" title=\"Lech Zuers am Arlberg Rodelbahn Oberlech by Sepp Mallaun (c) LZTG\" onerror=\"this.style.display='none'\"  \/>\n\t\t\t\t<\/a>\n\t<p>Non-skiers can use the lifts at a reduced rate to reach mountain tops, ski huts and sun terraces. There are many beautiful winter hiking ways, maintained on a daily basis, just waiting to be explored. Our insider tip is the hike path &#8220;Gaisb\u00fchel&#8221;, where you will discover a breathtaking panorama view of the mountains of Lech.<\/p>\n\t\t\t\t\t\t<h4 tabindex=\"0\">Winter hiking<\/h4>\n\t\t\t<p>Our list of favourite <a href=\"https:\/\/www.lechzuers.com\/en\/winter-sports\/winterhiking\" target=\"_blank\" rel=\"noopener\">hiking paths<\/a> are:<\/p>\n<p>Lech &#8211; Zug: ca.2,8 km<br \/>Zug &#8211; \u00c4lpele: ca. 3,5 km<br \/>Lech &#8211; Burgplateau via Spitzenegg: ca. 2,5 km<br \/>Lech &#8211; Stubenbach: ca. 2,0 km<br \/>Lech &#8211; Z\u00fcrs: ca. 5,0 km<br \/>Oberlech\/Tannegg &#8211; Kriegeralpe: ca. 3,0 km<br \/>H\u00f6henwanderweg \u201eGaisb\u00fchel&#8221;: ca. 4,0 km<br \/>Rundweg \u201eZug&#8221;: ca. 1,5 km<br \/>Spullerswaldweg: ca. 2,0 km<\/p>\n\t\t\t\t\t\t<h4 tabindex=\"0\">Cross-country skiing<\/h4>\n\t\t\t<p>For cross-country skiers Lech offers gorgeous <a href=\"https:\/\/www.lechzuers.com\/en\/winter-sports\/cross-country-skiing\" target=\"_blank\" rel=\"noopener\">cross-country ski runs<\/a>, including:<\/p>\n<p>Lech-Zug: Start near Aparthotel Filomena| ca. 2,8 km | classic<br \/>Gasthof Omesberg &#8211; Zug: ca. 2,4 km | classic<br \/>Zug &#8211; \u00c4lpele: ca. 3,5 km | classic &amp; skating<br \/>\u00c4lpele &#8211; Tannl\u00e4ger &#8211; \u00c4lpele: ca. 8,0 km | classic &amp; skating<br \/>Spullerwaldweg: ca. 2,0 km | classic &amp; skating<\/p>\n\t\t\t\t\t\t<h4 tabindex=\"0\">sport.park.lech<\/h4>\n\t\t\t<p>The <a href=\"http:\/\/www.sport-park-lech.at\/\" target=\"_blank\" rel=\"noopener\">sport.park.lech<\/a> offers a vast array of indoor facilities including:<\/p>\n<p>a 580 m\u00b2 fitnesscenter<br \/>a 135 m\u00b2 aerobic\/dance-studio<br \/>a 65 m\u00b2 indoor cycling-studio<br \/>a 140 m\u00b2 sauna area<br \/>a relaxing room and massage<br \/>a tennis court<br \/>a multifunction court<br \/>4 bowling alleys<br \/>climbing and bouldering<br \/>a sportslounge.cafe with wifi and flatscreens<\/p>\n\t\t\t\t\t\t<h4 tabindex=\"0\">Toboganning<\/h4>\n\t\t\t<p>For the adventure seekers, a 1,2 km <a href=\"https:\/\/www.skiarlberg.at\/en\/regions\/ski-area\/lech-oberlech-zuers\/wintertainment\/rodelbahn-bergbahn-oberlech\" target=\"_blank\" rel=\"noopener\">toboggan run<\/a> winds its way through the forest from Oberlech to Lech.<\/p>\n\t\t\t\t\t\t<h4 tabindex=\"0\">Horse Drawn Sleigh Rides<\/h4>\n\t\t\t<p>You can even take a <a href=\"https:\/\/www.lechzuers.com\/en\/winter-sports\/other-winter-activities\/horse-drawn-sleigh-rides\" target=\"_blank\" rel=\"noopener\">horse-drawn sleigh ride<\/a> from Lech into the valley of Zug.<\/p>\n\t\t\t\t\t\t<h4 tabindex=\"0\">Snowshoeing<\/h4>\n\t\t\t\n\t\t\t\t\t\t<h4 tabindex=\"0\">Ice skating and Curling<\/h4>\n\t\t\t\n\t\t\t\t\t\t<h4 tabindex=\"0\">Swimming<\/h4>\n\t\t\t<p>If the weather is not good you can make a trip to the public swimming pool <a href=\"https:\/\/www.arlberg-wellcom.at\/angebote-spa-tirol-st-anton-schwimmbad\/\" target=\"_blank\" rel=\"noopener\">Arlberg-Well<\/a> in St. Anton or to <a href=\"https:\/\/www.valblu.at\/\" target=\"_blank\" rel=\"noopener\">Val Blu<\/a> in Bludenz. On request there is the possibility to spend some wellness time in a\u00a0 <a href=\"https:\/\/www.lechzuers.com\/en\/culture-and-lifestyle\/sports-and-wellness\/spa-and-wellness\" target=\"_blank\" rel=\"noopener\">Hotel Day Spa<\/a>.<\/p>\n\t\n\t<em>Yours Carola Muxel &amp; family<br \/>\n<\/em>\n\t\n\t\t\t<a href=\"https:\/\/www.schneider-lech.at\/en\/inquiry\/\" target=\"_self\" role=\"button\" rel=\"noopener\">\n\t\t\t\t\t\t\tInquire\n\t\t<\/a>\n\t\t\t<a href=\"tel:+4355832969\" target=\"_self\" role=\"button\" rel=\"noopener\">\n\t\t\t\t\t\t\t\t\t\t\t+43 5583 2969\n\t\t<\/a>\n\t\t\t<a href=\"https:\/\/www.schneider-lech.at\/en\/online-booking\/\" target=\"_self\" role=\"button\" rel=\"noopener\">\n\t\t\t\t\t\t\tBook Now\n\t\t<\/a>\n\t<p>We&#8217;d love to<\/p>\n\t<p>hear from you<\/p>\n\t\t\t<a href=\"https:\/\/www.schneider-lech.at\/en\/contact-us\/\" target=\"_self\" role=\"button\" rel=\"noopener\">\n\t\t\t\t\t\t\tContact Us\n\t\t<\/a>\n\t<ul>\n\t\t<li><a href=\"https:\/\/www.schneider-lech.at\/en\/guest-reviews\/\" target=\"_self\" rel=\"noopener\"><\/a>\t\t\t\t\n\t\t<h3>Guest Reviews<\/h3><\/li>\t<\/ul>\n\t<p>#schneiderlech<\/p>\n\t\n\t<a href=\"mailto:info@schneider-lech.at\">info@schneider-lech.at<\/a><br \/>\nPhone <a href=\"tel:+4355832969\">+43 5583 2969<\/a>\n\t\n\t\t\t\t\t\tInfo\n\t\t\t\n\tCopyright \u00a9 2012 &#8211; 2026 &#8211; Hotel Garni Schneider<br \/>\nWebdesign &amp; Seo by <a href=\"https:\/\/www.m2agentur.at\/\" target=\"_blank\" rel=\"noopener\">M2 Agentur<\/a>\n\t<a href=\"https:\/\/www.schneider-lech.at\/en\/\">HOME<\/a><br \/>\n<a href=\"https:\/\/www.schneider-lech.at\/en\/rooms\/\">LIVING<\/a><br \/>\n<a href=\"https:\/\/www.schneider-lech.at\/en\/photos\/\">PHOTOS<\/a>\n\t<a href=\"https:\/\/www.schneider-lech.at\/en\/winter-rates\/\">WINTER RATES<\/a><br \/>\n<a href=\"https:\/\/www.schneider-lech.at\/en\/summer-rates\/\">SUMMER RATES<\/a><br \/>\n<a href=\"https:\/\/www.schneider-lech.at\/en\/getting-there\/\">GETTING THERE<\/a>\n\t[borlabs-cookie type=&#8221;btn-cookie-preference&#8221; title=&#8221;Cookie Settings&#8221; element=&#8221;link&#8221;\/]\u00a0 \u00a0|\u00a0 \u00a0<a href=\"https:\/\/www.schneider-lech.at\/en\/terms-of-use\/\">Terms of Use<\/a><br \/>\n<a href=\"https:\/\/www.schneider-lech.at\/en\/privacy-policy\/\">Privacy Policy<\/a>\n\t\n\n","protected":false},"excerpt":{"rendered":"<p>Alternativesto Skiing Winter in Lech also offers a variety of activities for the non-skier. Non-skiers can use the lifts at a reduced rate to reach mountain tops, ski huts and sun terraces. There are many beautiful winter hiking ways, maintained on a daily basis, just waiting to be explored. Our insider tip is the hike [&hellip;]<\/p>\n","protected":false},"author":6,"featured_media":0,"parent":0,"menu_order":0,"comment_status":"closed","ping_status":"closed","template":"","meta":{"_acf_changed":false,"_seopress_robots_primary_cat":"0","_seopress_titles_title":"Alternatives to Skiing - Hotel Garni Schneider","_seopress_titles_desc":"Alternatives to skiing in Lech am Arlberg. Winter hiking, sledding, snowshoeing and more - Hotel Garni Schneider shows you the possibilities.","_seopress_robots_index":"","site-sidebar-layout":"default","site-content-layout":"default","ast-site-content-layout":"default","site-content-style":"default","site-sidebar-style":"default","ast-global-header-display":"","ast-banner-title-visibility":"","ast-main-header-display":"","ast-hfb-above-header-display":"","ast-hfb-below-header-display":"","ast-hfb-mobile-header-display":"","site-post-title":"disabled","ast-breadcrumbs-content":"","ast-featured-img":"disabled","footer-sml-layout":"","ast-disable-related-posts":"","theme-transparent-header-meta":"disabled","adv-header-id-meta":"","stick-header-meta":"default","header-above-stick-meta":"","header-main-stick-meta":"","header-below-stick-meta":"","astra-migrate-meta-layouts":"default","ast-page-background-enabled":"default","ast-page-background-meta":{"desktop":{"background-color":"","background-image":"","background-repeat":"repeat","background-position":"center center","background-size":"auto","background-attachment":"scroll","background-type":"","background-media":"","overlay-type":"","overlay-color":"","overlay-opacity":"","overlay-gradient":""},"tablet":{"background-color":"","background-image":"","background-repeat":"repeat","background-position":"center center","background-size":"auto","background-attachment":"scroll","background-type":"","background-media":"","overlay-type":"","overlay-color":"","overlay-opacity":"","overlay-gradient":""},"mobile":{"background-color":"","background-image":"","background-repeat":"repeat","background-position":"center center","background-size":"auto","background-attachment":"scroll","background-type":"","background-media":"","overlay-type":"","overlay-color":"","overlay-opacity":"","overlay-gradient":""}},"ast-content-background-meta":{"desktop":{"background-color":"var(--ast-global-color-5)","background-image":"","background-repeat":"repeat","background-position":"center center","background-size":"auto","background-attachment":"scroll","background-type":"","background-media":"","overlay-type":"","overlay-color":"","overlay-opacity":"","overlay-gradient":""},"tablet":{"background-color":"var(--ast-global-color-5)","background-image":"","background-repeat":"repeat","background-position":"center center","background-size":"auto","background-attachment":"scroll","background-type":"","background-media":"","overlay-type":"","overlay-color":"","overlay-opacity":"","overlay-gradient":""},"mobile":{"background-color":"var(--ast-global-color-5)","background-image":"","background-repeat":"repeat","background-position":"center center","background-size":"auto","background-attachment":"scroll","background-type":"","background-media":"","overlay-type":"","overlay-color":"","overlay-opacity":"","overlay-gradient":""}},"footnotes":""},"class_list":["post-9763","page","type-page","status-publish","hentry"],"acf":[],"yoast_head":"<!-- This site is optimized with the Yoast SEO plugin v27.3 - https:\/\/yoast.com\/product\/yoast-seo-wordpress\/ -->\n<title>Alternatives to Skiing - Hotel Garni Schneider<\/title>\n<meta name=\"robots\" content=\"index, follow, max-snippet:-1, max-image-preview:large, max-video-preview:-1\" \/>\n<link rel=\"canonical\" href=\"https:\/\/www.schneider-lech.at\/en\/alternatives-to-skiing\/\" \/>\n<meta property=\"og:locale\" content=\"en_US\" \/>\n<meta property=\"og:type\" content=\"article\" \/>\n<meta property=\"og:title\" content=\"Alternatives to Skiing - Hotel Garni Schneider\" \/>\n<meta property=\"og:description\" content=\"Alternativesto Skiing Winter in Lech also offers a variety of activities for the non-skier. Non-skiers can use the lifts at a reduced rate to reach mountain tops, ski huts and sun terraces. There are many beautiful winter hiking ways, maintained on a daily basis, just waiting to be explored. Our insider tip is the hike [&hellip;]\" \/>\n<meta property=\"og:url\" content=\"https:\/\/www.schneider-lech.at\/en\/alternatives-to-skiing\/\" \/>\n<meta property=\"og:site_name\" content=\"Hotel Garni Schneider\" \/>\n<meta property=\"article:modified_time\" content=\"2026-02-23T10:50:05+00:00\" \/>\n<meta property=\"og:image\" content=\"https:\/\/www.schneider-lech.at\/wp-content\/uploads\/2020\/11\/IMG_4286-780x585.jpeg\" \/>\n<meta name=\"twitter:card\" content=\"summary_large_image\" \/>\n<script type=\"application\/ld+json\" class=\"yoast-schema-graph\">{\"@context\":\"https:\\\/\\\/schema.org\",\"@graph\":[{\"@type\":\"WebPage\",\"@id\":\"https:\\\/\\\/www.schneider-lech.at\\\/en\\\/alternatives-to-skiing\\\/\",\"url\":\"https:\\\/\\\/www.schneider-lech.at\\\/en\\\/alternatives-to-skiing\\\/\",\"name\":\"Alternatives to Skiing - Hotel Garni Schneider\",\"isPartOf\":{\"@id\":\"https:\\\/\\\/www.schneider-lech.at\\\/en\\\/#website\"},\"primaryImageOfPage\":{\"@id\":\"https:\\\/\\\/www.schneider-lech.at\\\/en\\\/alternatives-to-skiing\\\/#primaryimage\"},\"image\":{\"@id\":\"https:\\\/\\\/www.schneider-lech.at\\\/en\\\/alternatives-to-skiing\\\/#primaryimage\"},\"thumbnailUrl\":\"https:\\\/\\\/www.schneider-lech.at\\\/wp-content\\\/uploads\\\/2020\\\/11\\\/IMG_4286-780x585.jpeg\",\"datePublished\":\"2021-01-20T08:07:37+00:00\",\"dateModified\":\"2026-02-23T10:50:05+00:00\",\"breadcrumb\":{\"@id\":\"https:\\\/\\\/www.schneider-lech.at\\\/en\\\/alternatives-to-skiing\\\/#breadcrumb\"},\"inLanguage\":\"en-US\",\"potentialAction\":[{\"@type\":\"ReadAction\",\"target\":[\"https:\\\/\\\/www.schneider-lech.at\\\/en\\\/alternatives-to-skiing\\\/\"]}]},{\"@type\":\"ImageObject\",\"inLanguage\":\"en-US\",\"@id\":\"https:\\\/\\\/www.schneider-lech.at\\\/en\\\/alternatives-to-skiing\\\/#primaryimage\",\"url\":\"https:\\\/\\\/www.schneider-lech.at\\\/wp-content\\\/uploads\\\/2020\\\/11\\\/IMG_4286-780x585.jpeg\",\"contentUrl\":\"https:\\\/\\\/www.schneider-lech.at\\\/wp-content\\\/uploads\\\/2020\\\/11\\\/IMG_4286-780x585.jpeg\"},{\"@type\":\"BreadcrumbList\",\"@id\":\"https:\\\/\\\/www.schneider-lech.at\\\/en\\\/alternatives-to-skiing\\\/#breadcrumb\",\"itemListElement\":[{\"@type\":\"ListItem\",\"position\":1,\"name\":\"Home\",\"item\":\"https:\\\/\\\/www.schneider-lech.at\\\/en\\\/\"},{\"@type\":\"ListItem\",\"position\":2,\"name\":\"Alternatives to Skiing\"}]},{\"@type\":\"WebSite\",\"@id\":\"https:\\\/\\\/www.schneider-lech.at\\\/en\\\/#website\",\"url\":\"https:\\\/\\\/www.schneider-lech.at\\\/en\\\/\",\"name\":\"Hotel Garni Schneider\",\"description\":\"in Lech am Arlberg\",\"publisher\":{\"@id\":\"https:\\\/\\\/www.schneider-lech.at\\\/en\\\/#organization\"},\"potentialAction\":[{\"@type\":\"SearchAction\",\"target\":{\"@type\":\"EntryPoint\",\"urlTemplate\":\"https:\\\/\\\/www.schneider-lech.at\\\/en\\\/?s={search_term_string}\"},\"query-input\":{\"@type\":\"PropertyValueSpecification\",\"valueRequired\":true,\"valueName\":\"search_term_string\"}}],\"inLanguage\":\"en-US\"},{\"@type\":\"Organization\",\"@id\":\"https:\\\/\\\/www.schneider-lech.at\\\/en\\\/#organization\",\"name\":\"Hotel Garni Schneider\",\"url\":\"https:\\\/\\\/www.schneider-lech.at\\\/en\\\/\",\"logo\":{\"@type\":\"ImageObject\",\"inLanguage\":\"en-US\",\"@id\":\"https:\\\/\\\/www.schneider-lech.at\\\/en\\\/#\\\/schema\\\/logo\\\/image\\\/\",\"url\":\"https:\\\/\\\/www.schneider-lech.at\\\/wp-content\\\/uploads\\\/2023\\\/03\\\/logo-schneider-lech-3gold1-normal.webp\",\"contentUrl\":\"https:\\\/\\\/www.schneider-lech.at\\\/wp-content\\\/uploads\\\/2023\\\/03\\\/logo-schneider-lech-3gold1-normal.webp\",\"width\":178,\"height\":135,\"caption\":\"Hotel Garni Schneider\"},\"image\":{\"@id\":\"https:\\\/\\\/www.schneider-lech.at\\\/en\\\/#\\\/schema\\\/logo\\\/image\\\/\"}}]}<\/script>\n<!-- \/ Yoast SEO plugin. -->","yoast_head_json":{"title":"Alternatives to Skiing - Hotel Garni Schneider","robots":{"index":"index","follow":"follow","max-snippet":"max-snippet:-1","max-image-preview":"max-image-preview:large","max-video-preview":"max-video-preview:-1"},"canonical":"https:\/\/www.schneider-lech.at\/en\/alternatives-to-skiing\/","og_locale":"en_US","og_type":"article","og_title":"Alternatives to Skiing - Hotel Garni Schneider","og_description":"Alternativesto Skiing Winter in Lech also offers a variety of activities for the non-skier. Non-skiers can use the lifts at a reduced rate to reach mountain tops, ski huts and sun terraces. There are many beautiful winter hiking ways, maintained on a daily basis, just waiting to be explored. Our insider tip is the hike [&hellip;]","og_url":"https:\/\/www.schneider-lech.at\/en\/alternatives-to-skiing\/","og_site_name":"Hotel Garni Schneider","article_modified_time":"2026-02-23T10:50:05+00:00","og_image":[{"url":"https:\/\/www.schneider-lech.at\/wp-content\/uploads\/2020\/11\/IMG_4286-780x585.jpeg","type":"","width":"","height":""}],"twitter_card":"summary_large_image","schema":{"@context":"https:\/\/schema.org","@graph":[{"@type":"WebPage","@id":"https:\/\/www.schneider-lech.at\/en\/alternatives-to-skiing\/","url":"https:\/\/www.schneider-lech.at\/en\/alternatives-to-skiing\/","name":"Alternatives to Skiing - Hotel Garni Schneider","isPartOf":{"@id":"https:\/\/www.schneider-lech.at\/en\/#website"},"primaryImageOfPage":{"@id":"https:\/\/www.schneider-lech.at\/en\/alternatives-to-skiing\/#primaryimage"},"image":{"@id":"https:\/\/www.schneider-lech.at\/en\/alternatives-to-skiing\/#primaryimage"},"thumbnailUrl":"https:\/\/www.schneider-lech.at\/wp-content\/uploads\/2020\/11\/IMG_4286-780x585.jpeg","datePublished":"2021-01-20T08:07:37+00:00","dateModified":"2026-02-23T10:50:05+00:00","breadcrumb":{"@id":"https:\/\/www.schneider-lech.at\/en\/alternatives-to-skiing\/#breadcrumb"},"inLanguage":"en-US","potentialAction":[{"@type":"ReadAction","target":["https:\/\/www.schneider-lech.at\/en\/alternatives-to-skiing\/"]}]},{"@type":"ImageObject","inLanguage":"en-US","@id":"https:\/\/www.schneider-lech.at\/en\/alternatives-to-skiing\/#primaryimage","url":"https:\/\/www.schneider-lech.at\/wp-content\/uploads\/2020\/11\/IMG_4286-780x585.jpeg","contentUrl":"https:\/\/www.schneider-lech.at\/wp-content\/uploads\/2020\/11\/IMG_4286-780x585.jpeg"},{"@type":"BreadcrumbList","@id":"https:\/\/www.schneider-lech.at\/en\/alternatives-to-skiing\/#breadcrumb","itemListElement":[{"@type":"ListItem","position":1,"name":"Home","item":"https:\/\/www.schneider-lech.at\/en\/"},{"@type":"ListItem","position":2,"name":"Alternatives to Skiing"}]},{"@type":"WebSite","@id":"https:\/\/www.schneider-lech.at\/en\/#website","url":"https:\/\/www.schneider-lech.at\/en\/","name":"Hotel Garni Schneider","description":"in Lech am Arlberg","publisher":{"@id":"https:\/\/www.schneider-lech.at\/en\/#organization"},"potentialAction":[{"@type":"SearchAction","target":{"@type":"EntryPoint","urlTemplate":"https:\/\/www.schneider-lech.at\/en\/?s={search_term_string}"},"query-input":{"@type":"PropertyValueSpecification","valueRequired":true,"valueName":"search_term_string"}}],"inLanguage":"en-US"},{"@type":"Organization","@id":"https:\/\/www.schneider-lech.at\/en\/#organization","name":"Hotel Garni Schneider","url":"https:\/\/www.schneider-lech.at\/en\/","logo":{"@type":"ImageObject","inLanguage":"en-US","@id":"https:\/\/www.schneider-lech.at\/en\/#\/schema\/logo\/image\/","url":"https:\/\/www.schneider-lech.at\/wp-content\/uploads\/2023\/03\/logo-schneider-lech-3gold1-normal.webp","contentUrl":"https:\/\/www.schneider-lech.at\/wp-content\/uploads\/2023\/03\/logo-schneider-lech-3gold1-normal.webp","width":178,"height":135,"caption":"Hotel Garni Schneider"},"image":{"@id":"https:\/\/www.schneider-lech.at\/en\/#\/schema\/logo\/image\/"}}]}},"_links":{"self":[{"href":"https:\/\/www.schneider-lech.at\/en\/wp-json\/wp\/v2\/pages\/9763","targetHints":{"allow":["GET"]}}],"collection":[{"href":"https:\/\/www.schneider-lech.at\/en\/wp-json\/wp\/v2\/pages"}],"about":[{"href":"https:\/\/www.schneider-lech.at\/en\/wp-json\/wp\/v2\/types\/page"}],"author":[{"embeddable":true,"href":"https:\/\/www.schneider-lech.at\/en\/wp-json\/wp\/v2\/users\/6"}],"replies":[{"embeddable":true,"href":"https:\/\/www.schneider-lech.at\/en\/wp-json\/wp\/v2\/comments?post=9763"}],"version-history":[{"count":0,"href":"https:\/\/www.schneider-lech.at\/en\/wp-json\/wp\/v2\/pages\/9763\/revisions"}],"wp:attachment":[{"href":"https:\/\/www.schneider-lech.at\/en\/wp-json\/wp\/v2\/media?parent=9763"}],"curies":[{"name":"wp","href":"https:\/\/api.w.org\/{rel}","templated":true}]}}